{"id":8,"date":"2019-12-13T14:42:36","date_gmt":"2019-12-13T14:42:36","guid":{"rendered":"http:\/\/konnischreiber.de\/?page_id=8"},"modified":"2021-02-13T09:10:47","modified_gmt":"2021-02-13T09:10:47","slug":"home","status":"publish","type":"page","link":"https:\/\/konnischreiber.de\/","title":{"rendered":"Home"},"content":{"rendered":"<p>[et_pb_section fb_built=&#8220;1&#8243; _builder_version=&#8220;4.0.9&#8243; transform_scale_tablet=&#8220;&#8220; transform_scale_phone=&#8220;&#8220; transform_scale_last_edited=&#8220;on|tablet&#8220; transform_translate_tablet=&#8220;&#8220; transform_translate_phone=&#8220;&#8220; transform_translate_last_edited=&#8220;on|desktop&#8220; transform_rotate_tablet=&#8220;&#8220; transform_rotate_phone=&#8220;&#8220; transform_rotate_last_edited=&#8220;on|desktop&#8220; transform_skew_tablet=&#8220;&#8220; transform_skew_phone=&#8220;&#8220; transform_skew_last_edited=&#8220;on|desktop&#8220; transform_origin_tablet=&#8220;&#8220; transform_origin_phone=&#8220;&#8220; transform_origin_last_edited=&#8220;on|desktop&#8220; transform_styles_last_edited=&#8220;on|tablet&#8220; overflow-y=&#8220;visible&#8220; custom_padding=&#8220;0px|||||&#8220; transform_styles_tablet=&#8220;&#8220; transform_styles_phone=&#8220;&#8220;][et_pb_row _builder_version=&#8220;4.0.9&#8243; width=&#8220;100%&#8220; max_width=&#8220;2560px&#8220; min_height=&#8220;304px&#8220; custom_margin=&#8220;-100px||||false|false&#8220;][et_pb_column type=&#8220;4_4&#8243; _builder_version=&#8220;4.0.9&#8243;][et_pb_slider show_content_on_mobile=&#8220;off&#8220; show_cta_on_mobile=&#8220;off&#8220; disabled_on=&#8220;off|off|off&#8220; _builder_version=&#8220;4.0.9&#8243; header_level=&#8220;h1&#8243; header_font=&#8220;Source Sans Pro||||||||&#8220; body_font=&#8220;Source Sans Pro||||||||&#8220; body_font_size=&#8220;26px&#8220; body_line_height=&#8220;2em&#8220; background_image=&#8220;http:\/\/konnischreiber.de\/wp-content\/uploads\/2019\/12\/color-1229859.jpg&#8220; parallax=&#8220;on&#8220; button_icon=&#8220;%%18%%&#8220; button_alignment=&#8220;center&#8220; content_width_tablet=&#8220;&#8220; content_width_phone=&#8220;&#8220; content_width_last_edited=&#8220;on|phone&#8220; content_max_width_tablet=&#8220;&#8220; content_max_width_phone=&#8220;none&#8220; content_max_width_last_edited=&#8220;on|phone&#8220; min_height=&#8220;436px&#8220; custom_margin=&#8220;||||false|false&#8220; custom_padding=&#8220;||||false|false&#8220; hover_transition_delay=&#8220;50ms&#8220; hover_transition_speed_curve=&#8220;ease-in&#8220; link_option_url=&#8220;#\/Mein Angebot&#8220; hover_enabled=&#8220;0&#8243;][et_pb_slide heading=&#8220;Malermeisterin Konni Schreiber&#8220; button_text=&#8220;Mehr&#8220; button_link=&#8220;\/#Mein%20Angebot&#8220; arrows_custom_color=&#8220;#000000&#8243; dot_nav_custom_color=&#8220;#000000&#8243; admin_title=&#8220;Malermeisterin&#8220; heading_tablet=&#8220;Malermeisterin Konni Schreiber&#8220; heading_phone=&#8220;Malermeisterin Konni Schreiber&#8220; heading_last_edited=&#8220;on|phone&#8220; content_tablet=&#8220;&#8220; content_phone=&#8220;&#8220; content_last_edited=&#8220;on|desktop&#8220; _builder_version=&#8220;4.0.9&#8243; header_level=&#8220;h2&#8243; header_font=&#8220;Source Sans Pro||||||||&#8220; header_font_size=&#8220;48px&#8220; header_line_height=&#8220;1.9em&#8220; body_font_size=&#8220;22px&#8220; body_line_height=&#8220;1.2em&#8220; background_color=&#8220;rgba(0,0,0,0)&#8220; background_enable_color=&#8220;on&#8220; transform_scale_tablet=&#8220;&#8220; transform_scale_phone=&#8220;&#8220; transform_scale_last_edited=&#8220;on|desktop&#8220; transform_translate_tablet=&#8220;&#8220; transform_translate_phone=&#8220;&#8220; transform_translate_last_edited=&#8220;on|desktop&#8220; transform_rotate_tablet=&#8220;&#8220; transform_rotate_phone=&#8220;&#8220; transform_rotate_last_edited=&#8220;on|desktop&#8220; transform_skew_tablet=&#8220;&#8220; transform_skew_phone=&#8220;&#8220; transform_skew_last_edited=&#8220;on|desktop&#8220; transform_origin_tablet=&#8220;&#8220; transform_origin_phone=&#8220;&#8220; transform_origin_last_edited=&#8220;on|desktop&#8220; transform_styles_last_edited=&#8220;on|desktop&#8220; max_width_tablet=&#8220;&#8220; max_width_phone=&#8220;none&#8220; max_width_last_edited=&#8220;on|desktop&#8220; overflow-x=&#8220;auto&#8220; overflow-y=&#8220;auto&#8220; transform_styles_tablet=&#8220;&#8220; transform_styles_phone=&#8220;&#8220;]<\/p>\n<p>Maler- und Lackiererarbeiten in D\u00fcsseldorf und Umgebung<\/p>\n<p>mit individueller Beratung\u00a0und fachgerechter Ausf\u00fchrung in Meisterqualit\u00e4t<\/p>\n<p>kreativ, p\u00fcnktlich und \u00a0gut organisiert<\/p>\n<p>&nbsp;<\/p>\n<p>[\/et_pb_slide][\/et_pb_slider][\/et_pb_column][\/et_pb_row][et_pb_row column_structure=&#8220;1_5,3_5,1_5&#8243; module_id=&#8220;Mein Angebot&#8220; _builder_version=&#8220;4.0.9&#8243;][et_pb_column type=&#8220;1_5&#8243; _builder_version=&#8220;4.0.9&#8243;][\/et_pb_column][et_pb_column type=&#8220;3_5&#8243; _builder_version=&#8220;4.0.9&#8243;][et_pb_text content_tablet=&#8220;<\/p>\n<h1>Mein Angebot<\/h1>\n<p>Maler- &#038; Lackierarbeiten f\u00fcr Privatpersonen\/-haushalte und klein- und mittelst\u00e4ndische Unternehmen<\/p>\n<p>Fassadengestaltung nach Absprache<\/p>\n<p>Professioneller Umgang mit Spachtel-, Lasur-, Wickel- und Schablonentechnik f\u00fcr anspruchsvolle Wand- und Deckengestaltung<\/p>\n<p>Detaillierte Beratung \u2013 gerne auch in \u00f6kologischen Farben und Materialien<\/p>\n<p>Bodenbel\u00e4ge<\/p>\n<p>Restaurierungsarbeiten<\/p>\n<p>Eigenst\u00e4ndige Einrichtung der Baustelle<\/p>\n<p>&#8220; content_phone=&#8220;<\/p>\n<h1>Mein Angebot<\/h1>\n<p>Maler- &#038; Lackierarbeiten f\u00fcr Privatpersonen\/-haushalte und klein- und mittelst\u00e4ndische Unternehmen<\/p>\n<p>Fassadengestaltung nach Absprache <\/p>\n<p>Professioneller Umgang mit Spachtel-, Lasur-, Wickel- und Schablonentechnik f\u00fcr anspruchsvolle Wand- und Deckengestaltung<\/p>\n<p>Detaillierte Beratung \u2013 gerne auch in \u00f6kologischen Farben und Materialien<\/p>\n<p>Bodenbel\u00e4ge<\/p>\n<p>Restaurierungsarbeiten<\/p>\n<p>Eigenst\u00e4ndige Einrichtung der Baustelle<\/p>\n<p>&#8220; content_last_edited=&#8220;on|tablet&#8220; disabled_on=&#8220;off|off|off&#8220; _builder_version=&#8220;4.0.9&#8243; text_font=&#8220;Source Sans Pro||||||||&#8220; text_font_size=&#8220;18px&#8220; text_line_height=&#8220;1.4em&#8220; header_text_color=&#8220;#fc7e2a&#8220; header_font_size=&#8220;48px&#8220; header_2_font=&#8220;Source Sans Pro||||||||&#8220; custom_margin=&#8220;||||false|false&#8220; custom_padding=&#8220;||0px||false|false&#8220; text_font_size_tablet=&#8220;&#8220; text_font_size_phone=&#8220;18px&#8220; text_font_size_last_edited=&#8220;on|phone&#8220; height__hover_enabled=&#8220;on|desktop&#8220; min_height__hover_enabled=&#8220;on|desktop&#8220;]<\/p>\n<h1 style=\"text-align: center;\">Mein Angebot<\/h1>\n<p>&nbsp;<\/p>\n<p>Maler- und Lackierarbeiten f\u00fcr Privatpersonen\/-haushalte sowie f\u00fcr klein- und mittelst\u00e4ndische Unternehmen<\/p>\n<p>Ausf\u00fchrung von Spachtel-, Lasur-, Wickel- und Schablonentechnik f\u00fcr eine individuelle, anspruchsvolle Wand- und Deckengestaltung<\/p>\n<p>Lasieren und Lackieren von Holzfenstern und -t\u00fcren innen und au\u00dfen<\/p>\n<p>Tapezierungen<\/p>\n<p>Restaurierungsarbeiten (zum Beispiel Vergoldungen)<\/p>\n<p>Fassadengestaltung nach Absprache<\/p>\n<p>Bodenbel\u00e4ge und -bearbeitung nach Absprache<\/p>\n<p>[\/et_pb_text][et_pb_text content_tablet=&#8220;<\/p>\n<h1>Mein Angebot<\/h1>\n<p>Maler- &#038; Lackierarbeiten f\u00fcr Privatpersonen\/-haushalte und klein- und mittelst\u00e4ndische Unternehmen<\/p>\n<p>Fassadengestaltung nach Absprache<\/p>\n<p>Professioneller Umgang mit Spachtel-, Lasur-, Wickel- und Schablonentechnik f\u00fcr anspruchsvolle Wand- und Deckengestaltung<\/p>\n<p>Detaillierte Beratung \u2013 gerne auch in \u00f6kologischen Farben und Materialien<\/p>\n<p>Bodenbel\u00e4ge<\/p>\n<p>Restaurierungsarbeiten<\/p>\n<p>Eigenst\u00e4ndige Einrichtung der Baustelle<\/p>\n<p>&#8220; content_phone=&#8220;<\/p>\n<h1>Mein Angebot<\/h1>\n<p>Maler- &#038; Lackierarbeiten f\u00fcr Privatpersonen\/-haushalte und klein- und mittelst\u00e4ndische Unternehmen<\/p>\n<p>Fassadengestaltung nach Absprache <\/p>\n<p>Professioneller Umgang mit Spachtel-, Lasur-, Wickel- und Schablonentechnik f\u00fcr anspruchsvolle Wand- und Deckengestaltung<\/p>\n<p>Detaillierte Beratung \u2013 gerne auch in \u00f6kologischen Farben und Materialien<\/p>\n<p>Bodenbel\u00e4ge<\/p>\n<p>Restaurierungsarbeiten<\/p>\n<p>Eigenst\u00e4ndige Einrichtung der Baustelle<\/p>\n<p>&#8220; content_last_edited=&#8220;on|tablet&#8220; disabled_on=&#8220;off|off|off&#8220; _builder_version=&#8220;4.0.9&#8243; text_font=&#8220;Source Sans Pro||||||||&#8220; text_font_size=&#8220;18px&#8220; text_line_height=&#8220;1.4em&#8220; header_text_color=&#8220;#fc7e2a&#8220; header_font_size=&#8220;48px&#8220; header_2_font=&#8220;Source Sans Pro||||||||&#8220; custom_margin=&#8220;||80px||false|false&#8220; custom_padding=&#8220;||0px||false|false&#8220; text_font_size_tablet=&#8220;&#8220; text_font_size_phone=&#8220;18px&#8220; text_font_size_last_edited=&#8220;on|phone&#8220; height__hover_enabled=&#8220;on|desktop&#8220; min_height__hover_enabled=&#8220;on|desktop&#8220;]<\/p>\n<p style=\"text-align: left;\"><strong>Selbstverst\u00e4ndlicher Service bei mir:<\/strong><\/p>\n<p>Detaillierte Farbberatung und -gestaltung f\u00fcr den Kunden \u2013 gerne in allergenfreien Dispersionsfarben und auch in \u00f6kologischen Materialien auf Kalk-, Lehm- und Silikatbasis<\/p>\n<p>Au\u00dfergew\u00f6hnliche Arbeitszeiten (zum Beispiel abends und am Wochenende) nach Absprache<\/p>\n<p>Gerne gehe ich auf Montage, das hei\u00dft, ich \u00fcbernehme Auftr\u00e4ge im gesamten Bundesgebiet. Regionale Schwerpunkte sind Freiburg im Breisgau und Umgebung sowie Peiting (Oberbayern) und Umgebung.<\/p>\n<p>[\/et_pb_text][\/et_pb_column][et_pb_column type=&#8220;1_5&#8243; _builder_version=&#8220;4.0.9&#8243;][\/et_pb_column][\/et_pb_row][\/et_pb_section][et_pb_section fb_built=&#8220;1&#8243; fullwidth=&#8220;on&#8220; admin_label=&#8220;Referenz&#8220; _builder_version=&#8220;4.0.9&#8243; background_image=&#8220;http:\/\/konnischreiber.de\/wp-content\/uploads\/2019\/12\/color-1229859.jpg&#8220; parallax=&#8220;on&#8220; max_height=&#8220;301px&#8220; overflow-x=&#8220;auto&#8220; overflow-y=&#8220;auto&#8220; custom_margin=&#8220;||||false|false&#8220;][et_pb_fullwidth_header title=&#8220;Das sagen meine KundInnen&#8220; text_orientation=&#8220;center&#8220; _builder_version=&#8220;4.0.9&#8243; title_level=&#8220;h2&#8243; title_font=&#8220;Source Sans Pro||||||||&#8220; title_text_align=&#8220;center&#8220; title_text_color=&#8220;#ffffff&#8220; title_font_size=&#8220;48px&#8220; title_line_height=&#8220;1.7em&#8220; background_color=&#8220;rgba(0,0,0,0)&#8220; min_height=&#8220;397px&#8220; height=&#8220;355px&#8220; max_height=&#8220;1000px&#8220; overflow-x=&#8220;auto&#8220; overflow-y=&#8220;auto&#8220; custom_margin=&#8220;||-26px|||&#8220; custom_padding=&#8220;||0px|||&#8220; title_font_size_tablet=&#8220;&#8220; title_font_size_phone=&#8220;36px&#8220; title_font_size_last_edited=&#8220;on|phone&#8220;][\/et_pb_fullwidth_header][\/et_pb_section][et_pb_section fb_built=&#8220;1&#8243; admin_label=&#8220;Referenzen&#8220; module_id=&#8220;Referenzen&#8220; _builder_version=&#8220;4.0.9&#8243; background_color=&#8220;#ffffff&#8220; width=&#8220;100%&#8220;][et_pb_row column_structure=&#8220;1_2,1_2&#8243; module_id=&#8220;Testimonials&#8220; _builder_version=&#8220;4.0.9&#8243; width=&#8220;100%&#8220; max_width=&#8220;2560px&#8220; custom_margin=&#8220;||80px||false|false&#8220; custom_padding=&#8220;|100px||100px|false|false&#8220;][et_pb_column type=&#8220;1_2&#8243; _builder_version=&#8220;4.0.9&#8243;][et_pb_testimonial author=&#8220;Bettina D., D\u00fcsseldorf&#8220; company_name=&#8220;auf My Hammer&#8220; quote_icon_color=&#8220;#fc7e2a&#8220; portrait_url_tablet=&#8220;&#8220; portrait_url_phone=&#8220;&#8220; portrait_url_last_edited=&#8220;on|phone&#8220; admin_label=&#8220;Testimonials&#8220; _builder_version=&#8220;4.0.9&#8243; body_font=&#8220;Source Sans Pro||||||||&#8220; body_font_size=&#8220;18px&#8220; background_color=&#8220;rgba(0,0,0,0)&#8220; custom_margin=&#8220;75px||||false|false&#8220;]<\/p>\n<p>Hoch professionell, gute Beratung \u2013 z.B. bei \u00f6kologischen Farben, sehr sympathisch. Man kann ihr hundertprozentig vertrauen \u2013 in der Leistung, im Angebot, in der Ausf\u00fchrung. Und der Service ist au\u00dfergew\u00f6hnlich: in der Vorbereitung \u2013 sie r\u00e4umt im Zweifel alle M\u00f6bel\/Krimskram weg, um arbeiten zu k\u00f6nnen und stellt alles wieder hin&#8230; au\u00dferdem verl\u00e4sst sie die Wohnung SAUBER. Man muss nichts mehr tun! Was will man als Kunde mehr?!<\/p>\n<p>[\/et_pb_testimonial][et_pb_testimonial author=&#8220;Rike C.-S., Kaarst&#8220; quote_icon_color=&#8220;#fc7e2a&#8220; portrait_url_tablet=&#8220;&#8220; portrait_url_phone=&#8220;&#8220; portrait_url_last_edited=&#8220;on|phone&#8220; admin_label=&#8220;Testimonials&#8220; _builder_version=&#8220;4.0.9&#8243; body_font=&#8220;Source Sans Pro||||||||&#8220; body_font_size=&#8220;18px&#8220; background_color=&#8220;rgba(0,0,0,0)&#8220; custom_margin=&#8220;-20px||||false|false&#8220;]<\/p>\n<p><span>Die Arbeiten wurden von Frau Schreiber extrem gewissenhaft, zuverl\u00e4ssig und professionell ausgef\u00fchrt. Wir waren absolut begeistert von der Beratung und Umsetzung. Sie hat unser Projekt zu ihrem eigenen gemacht. Wir werden Frau Schreiber immer wieder beauftragen und mit Freuden und absoluter Gewissheit sehr gerne weiterempfehlen.<\/span><\/p>\n<p>[\/et_pb_testimonial][et_pb_testimonial author=&#8220;Christoph B., D\u00fcsseldorf&#8220; company_name=&#8220;auf My Hammer&#8220; quote_icon_color=&#8220;#fc7e2a&#8220; portrait_url_tablet=&#8220;&#8220; portrait_url_phone=&#8220;&#8220; portrait_url_last_edited=&#8220;on|phone&#8220; _builder_version=&#8220;4.0.9&#8243; body_font=&#8220;Source Sans Pro||||||||&#8220; body_font_size=&#8220;18px&#8220; background_color=&#8220;rgba(0,0,0,0)&#8220; custom_margin=&#8220;-20px||||false|false&#8220; custom_padding=&#8220;|1px|||false|false&#8220;]<\/p>\n<p>Erstklassige Arbeit, saubere Ausf\u00fchrung, termintreu und Top-Preisleistungsverh\u00e4ltnis. Klare Empfehlung!!!<\/p>\n<p>[\/et_pb_testimonial][\/et_pb_column][et_pb_column type=&#8220;1_2&#8243; _builder_version=&#8220;4.0.9&#8243;][et_pb_testimonial author=&#8220;Christoph E., Velbert&#8220; company_name=&#8220;auf My Hammer&#8220; quote_icon_color=&#8220;#fc7e2a&#8220; portrait_url_tablet=&#8220;&#8220; portrait_url_phone=&#8220;&#8220; portrait_url_last_edited=&#8220;on|desktop&#8220; _builder_version=&#8220;4.0.9&#8243; body_font=&#8220;Source Sans Pro||||||||&#8220; body_font_size=&#8220;18px&#8220; background_color=&#8220;rgba(0,0,0,0)&#8220; custom_margin=&#8220;75px||||false|false&#8220;]<\/p>\n<p>Frau Schreiber hat bei uns in einem kleinen Raum mit Vlies tapeziert und im Anschluss gestrichen. Ebenfalls hat Sie L\u00f6cher in einer vorhandenen Tapete ausgebessert und weitere Wand- und Deckenfl\u00e4chen gestrichten: Die Terminabsprache war problemlos und alle Vereinbarungen wurden genauestens eingehalten. Wir bedanken uns bei Frau Schreiber f\u00fcr die Zuverl\u00e4ssigkeit und die qualitativ hochwertige Ausf\u00fchrung der Arbeiten.<\/p>\n<p>[\/et_pb_testimonial][et_pb_testimonial author=&#8220;Konni und Christian W., Freiburg&#8220; quote_icon_color=&#8220;#fc7e2a&#8220; portrait_url_tablet=&#8220;&#8220; portrait_url_phone=&#8220;&#8220; portrait_url_last_edited=&#8220;on|desktop&#8220; _builder_version=&#8220;4.0.9&#8243; body_font=&#8220;Source Sans Pro||||||||&#8220; body_font_size=&#8220;18px&#8220; background_color=&#8220;rgba(0,0,0,0)&#8220; custom_margin=&#8220;-20px||||false|false&#8220;]<\/p>\n<p><span>Wir haben Frau Schreiber bereits dreimal beauftragt. Sie erarbeitet ihre Kostenvoranschl\u00e4ge jeweils gr\u00fcndlich und liefert dann eine tolle, akkurate Leistung zum angek\u00fcndigten Termin f\u00fcr den vereinbarten Preis. Mehr kann man nicht erwarten. Mehr wird aber geliefert: Sie r\u00e4umt n\u00e4mlich auf und hinterl\u00e4sst die R\u00e4umlichkeiten sauber. Eine ungew\u00f6hnliche Malermeisterin, die wir gerne empfehlen und selbst auch k\u00fcnftig immer wieder beauftragen.<\/span><\/p>\n<p>[\/et_pb_testimonial][et_pb_testimonial author=&#8220;Frank S., Ratingen&#8220; company_name=&#8220;auf My Hammer&#8220; quote_icon_color=&#8220;#fc7e2a&#8220; portrait_url_tablet=&#8220;&#8220; portrait_url_phone=&#8220;&#8220; portrait_url_last_edited=&#8220;on|phone&#8220; admin_label=&#8220;Testimonials&#8220; _builder_version=&#8220;4.0.9&#8243; body_font=&#8220;Source Sans Pro||||||||&#8220; body_font_size=&#8220;18px&#8220; background_color=&#8220;rgba(0,0,0,0)&#8220; custom_margin=&#8220;-20px||||false|false&#8220;]<\/p>\n<p class=\"PreformattedText\">Alles bestens. Frau Schreiber hat direkt Folgeauftr\u00e4ge bekommen, weil sie eine Top-Leistung abgeliefert hat.<o:p><\/o:p><\/p>\n<p>[\/et_pb_testimonial][\/et_pb_column][\/et_pb_row][\/et_pb_section][et_pb_section fb_built=&#8220;1&#8243; fullwidth=&#8220;on&#8220; admin_label=&#8220;Kontakt&#8220; _builder_version=&#8220;4.0.9&#8243; background_color=&#8220;rgba(0,0,0,0)&#8220; custom_margin=&#8220;||||false|false&#8220;][et_pb_fullwidth_header title=&#8220;Ich freue mich auf Ihre Anfrage!&#8220; _builder_version=&#8220;4.0.9&#8243; title_level=&#8220;h2&#8243; title_font=&#8220;Source Sans Pro||||||||&#8220; title_text_align=&#8220;center&#8220; title_text_color=&#8220;#000000&#8243; title_font_size=&#8220;48px&#8220; background_color=&#8220;rgba(0,0,0,0)&#8220; min_height=&#8220;177px&#8220; custom_margin=&#8220;||||false|false&#8220; custom_padding=&#8220;||0px|||&#8220;][\/et_pb_fullwidth_header][\/et_pb_section][et_pb_section fb_built=&#8220;1&#8243; admin_label=&#8220;Kontakt&#8220; module_id=&#8220;Kontakt&#8220; _builder_version=&#8220;4.0.9&#8243; background_color=&#8220;#ffffff&#8220; width=&#8220;100%&#8220; min_height=&#8220;591px&#8220; custom_margin=&#8220;63px||-79px||false|false&#8220; custom_padding=&#8220;||||false|false&#8220;][et_pb_row column_structure=&#8220;1_3,1_3,1_3&#8243; admin_label=&#8220;Zeile&#8220; _builder_version=&#8220;4.0.9&#8243; background_color=&#8220;#ffffff&#8220; width=&#8220;61%&#8220; min_height=&#8220;273px&#8220; custom_margin=&#8220;|auto|-18px|auto|false|false&#8220; custom_padding=&#8220;80px||||false|false&#8220;][et_pb_column type=&#8220;1_3&#8243; _builder_version=&#8220;4.0.9&#8243;][et_pb_image src=&#8220;http:\/\/konnischreiber.de\/wp-content\/uploads\/2019\/12\/SAM_0383.jpg&#8220; _builder_version=&#8220;4.0.9&#8243; custom_margin=&#8220;||100px||false|false&#8220;][\/et_pb_image][\/et_pb_column][et_pb_column type=&#8220;1_3&#8243; _builder_version=&#8220;4.0.9&#8243;][et_pb_text _builder_version=&#8220;4.0.9&#8243; text_font=&#8220;Source Sans Pro||||||||&#8220; text_font_size=&#8220;18px&#8220; text_line_height=&#8220;1.9em&#8220; custom_padding=&#8220;54px|||20px|false|false&#8220;]<\/p>\n<p style=\"text-align: left;\">Malermeisterin<br \/> Konni Schreiber<br \/> Moltkestra\u00dfe 88<br \/> 40479 D\u00fcsseldorf<br \/> <span style=\"font-size: 33px;\"><\/span><\/p>\n<p>[\/et_pb_text][\/et_pb_column][et_pb_column type=&#8220;1_3&#8243; _builder_version=&#8220;4.0.9&#8243;][et_pb_text _builder_version=&#8220;4.0.9&#8243; text_font=&#8220;Source Sans Pro||||||||&#8220; text_font_size=&#8220;18px&#8220; text_line_height=&#8220;1.9em&#8220; custom_padding=&#8220;54px|0px||||&#8220;]<\/p>\n<p style=\"text-align: left;\"><a href=\"mailto:post@konnischreiber.de\">post@konnischreiber.de<\/a><br \/> Profil auf <a href=\"https:\/\/www.my-hammer.de\/firma\/malermeisterin-konni-schreiber-duesseldorf\/\">MyHammer<\/a><br \/> <span style=\"font-size: 33px;\"><\/span><\/p>\n<p>[\/et_pb_text][\/et_pb_column][\/et_pb_row][\/et_pb_section]<\/p>\n","protected":false},"excerpt":{"rendered":"<p>Maler- und Lackiererarbeiten in D\u00fcsseldorf und Umgebung mit individueller Beratung\u00a0und fachgerechter Ausf\u00fchrung in Meisterqualit\u00e4t kreativ, p\u00fcnktlich und \u00a0gut organisiert &nbsp;Mein Angebot &nbsp; Maler- und Lackierarbeiten f\u00fcr Privatpersonen\/-haushalte sowie f\u00fcr klein- und mittelst\u00e4ndische Unternehmen Ausf\u00fchrung von Spachtel-, Lasur-, Wickel- und Schablonentechnik f\u00fcr eine individuelle, anspruchsvolle Wand- und Deckengestaltung Lasieren und Lackieren von Holzfenstern und -t\u00fcren innen [&hellip;]<\/p>\n","protected":false},"author":1,"featured_media":0,"parent":0,"menu_order":0,"comment_status":"closed","ping_status":"closed","template":"","meta":{"_et_pb_use_builder":"on","_et_pb_old_content":"","_et_gb_content_width":"","footnotes":""},"class_list":["post-8","page","type-page","status-publish","hentry"],"_links":{"self":[{"href":"https:\/\/konnischreiber.de\/index.php?rest_route=\/wp\/v2\/pages\/8","targetHints":{"allow":["GET"]}}],"collection":[{"href":"https:\/\/konnischreiber.de\/index.php?rest_route=\/wp\/v2\/pages"}],"about":[{"href":"https:\/\/konnischreiber.de\/index.php?rest_route=\/wp\/v2\/types\/page"}],"author":[{"embeddable":true,"href":"https:\/\/konnischreiber.de\/index.php?rest_route=\/wp\/v2\/users\/1"}],"replies":[{"embeddable":true,"href":"https:\/\/konnischreiber.de\/index.php?rest_route=%2Fwp%2Fv2%2Fcomments&post=8"}],"version-history":[{"count":93,"href":"https:\/\/konnischreiber.de\/index.php?rest_route=\/wp\/v2\/pages\/8\/revisions"}],"predecessor-version":[{"id":261,"href":"https:\/\/konnischreiber.de\/index.php?rest_route=\/wp\/v2\/pages\/8\/revisions\/261"}],"wp:attachment":[{"href":"https:\/\/konnischreiber.de\/index.php?rest_route=%2Fwp%2Fv2%2Fmedia&parent=8"}],"curies":[{"name":"wp","href":"https:\/\/api.w.org\/{rel}","templated":true}]}}